{"id":27948,"date":"2018-08-31T15:49:02","date_gmt":"2018-08-31T15:49:02","guid":{"rendered":"https:\/\/wprentals.org\/?page_id=27948"},"modified":"2018-10-24T23:33:03","modified_gmt":"2018-10-24T23:33:03","slug":"o-nama","status":"publish","type":"page","link":"https:\/\/sunny-step.com\/hr\/o-nama\/","title":{"rendered":"O nama"},"content":{"rendered":"<p>Mladi ljudi sa vi\u0161egodi\u0161njim iskustvom rada u turizmu preto\u010dili su svoje znanje u turisti\u010dku agenciju Sunny Step te osnovali agenciju za najam villa, ku\u0107a za odmor i apartmana. Rastu\u0107a internet agencija pru\u017eiti \u0107e Vam udoban i kvalitetan smje\u0161taj u cijeloj Istri.<\/p>\n<p>Sunny Step su pokrenuli zaljubljenici u svoju regiju kako bi svojim klijentima pribli\u017eili prekrasan krajolik. Osim \u0161to \u0107e Vam profesionalni zaposlenici pru\u017eiti najbolji i najudobniji smje\u0161taj koji odgovara Va\u0161im potrebama dodatno \u0107e se potruditi kako bi Vam odmor ostao u nezaboravnom sje\u0107anju, upravo ste\u010denim iskustvom i znanjem o svojoj regiji.<\/p>\n<p>Stoga, ne \u010dekajte odaberite svoju villu, ku\u0107u sa bazenom ili apartman za odmor jo\u0161 danas!!<\/p>\n<p>S pravom ste odabrali Istru za nezaboravan i kvalitetan odmor!<\/p>\n<p>&nbsp;<\/p>\n<h3><strong>Sunny Step j.d.o.o., turisti\u010dka agencija<\/strong><\/h3>\n<p>Bi\u010di\u0107i 2b, 52207 BARBAN<\/p>\n<p><strong>\u010clan uprave:<\/strong> Drago Pere\u0161a, direktor<\/p>\n<p><strong>Voditelj poslova:<\/strong> Lucija Pere\u0161a mag.oec.<br \/>\nVoditelj poslova odgovoran je za rad turisti\u010dke agencije sukladno zakonskim odredbama.<\/p>\n<p>Telefon 1: <a href=\"tel:+385%2095%20903%2015%2051\">+385 (0)95 903 15 51<\/a><br \/>\nTelefon 2: <a href=\"tel:+385%2098%2038%2022%2058\">+385 (0)98 38 22 58<\/a><br \/>\nE-mail 1:\u00a0<a href=\"mailto:info@sunnystep.net\">info@sunnystep.net<\/a>,<br \/>\nE-mail 2:\u00a0<a href=\"mailto:sunnystepagency@gmail.com\">sunnystepagency@gmail.com<\/a><\/p>\n<p>Radno vrijeme: pon &#8211; pet 10 &#8211; 14h, ostale termine i dane u tjednu \u00a0molimo Vas da nas kontaktirate putem e-maila ili telefonom. Odgovoriti \u0107emo Vam u \u0161to kra\u0107em vremenskom roku.<\/p>\n<p>Hvala na razumijevanju! Sunny Step team!<\/p>\n<p>Trgova\u010dki sud u Pazinu<br \/>\nRegistracijski broj: 130055780<br \/>\nOIB: 95661370687<\/p>\n<p>OTP banka d.d., Domovinskog rata 3, 23000 Zadar, Hrvatska<br \/>\nIBAN: HR8824070001100443293<\/p>\n<p><strong>SWIFT<\/strong><strong>:<\/strong>\u00a0 OTPVHR2X<br \/>\nTemeljni kapital: 10,00 kn upla\u0107eno u cijelosti<\/p>\n<p>Pojedinosti o nadle\u017enom tijelu \u010dijem nadzoru podlije\u017ee djelatnost turisti\u010dke agencije:<\/p>\n<p>Ministarstvo turizma, Trg Republike Hrvatske 8\/1, 10000 Zagreb<\/p>\n<p>Obavijest o na\u010dinu podno\u0161enja prigovora sukladno \u010dlanku 6. st. 1. to\u010d.3. Zakona o pru\u017eanju usluga u turizmu NN br. 130\/17 i \u010dlanku 10. st. 3. Zakona o za\u0161titi potro\u0161a\u010da obavje\u0161tavamo korisnike usluga da pisani prigovor na kvalitetu ugovorenih usluga mogu dostaviti:<\/p>\n<ul>\n<li>putem po\u0161te na adresu: Bi\u010di\u0107i 2b, 52207 Barban<\/li>\n<li>putem elektronske po\u0161te na adresu:\u00a0<a href=\"mailto:info@sunnystep.net\">info@sunnystep.net<\/a><\/li>\n<\/ul>\n<p>Potvrdu primitka prigovora dostaviti \u0107emo Vam bez odga\u0111anja pisanim putem. Odgovor na prigovor dat \u0107emo u pisanom obliku najkasnije u roku od 15 dana od dana zaprimanja prigovora.<\/p>\n","protected":false},"excerpt":{"rendered":"<p>Mladi ljudi sa vi\u0161egodi\u0161njim iskustvom rada u turizmu preto\u010dili su svoje znanje u turisti\u010dku agenciju Sunny Step te osnovali agenciju za najam villa, ku\u0107a za odmor i apartmana. Rastu\u0107a internet agencija pru\u017eiti \u0107e Vam udoban i kvalitetan smje\u0161taj u cijeloj Istri. Sunny Step su pokrenuli zaljubljenici u svoju regiju kako bi svojim klijentima pribli\u017eili prekrasan &#8230;<\/p>\n","protected":false},"author":1,"featured_media":0,"parent":0,"menu_order":0,"comment_status":"closed","ping_status":"closed","template":"","meta":{"footnotes":""},"class_list":["post-27948","page","type-page","status-publish","hentry"],"_links":{"self":[{"href":"https:\/\/sunny-step.com\/hr\/wp-json\/wp\/v2\/pages\/27948","targetHints":{"allow":["GET"]}}],"collection":[{"href":"https:\/\/sunny-step.com\/hr\/wp-json\/wp\/v2\/pages"}],"about":[{"href":"https:\/\/sunny-step.com\/hr\/wp-json\/wp\/v2\/types\/page"}],"author":[{"embeddable":true,"href":"https:\/\/sunny-step.com\/hr\/wp-json\/wp\/v2\/users\/1"}],"replies":[{"embeddable":true,"href":"https:\/\/sunny-step.com\/hr\/wp-json\/wp\/v2\/comments?post=27948"}],"version-history":[{"count":0,"href":"https:\/\/sunny-step.com\/hr\/wp-json\/wp\/v2\/pages\/27948\/revisions"}],"wp:attachment":[{"href":"https:\/\/sunny-step.com\/hr\/wp-json\/wp\/v2\/media?parent=27948"}],"curies":[{"name":"wp","href":"https:\/\/api.w.org\/{rel}","templated":true}]}}