{"id":28252,"date":"2015-12-22T13:22:49","date_gmt":"2015-12-22T13:22:49","guid":{"rendered":"https:\/\/sunny-step.com\/?page_id=28252"},"modified":"2021-04-28T20:28:48","modified_gmt":"2021-04-28T19:28:48","slug":"homepage","status":"publish","type":"page","link":"https:\/\/sunny-step.com\/hr\/","title":{"rendered":"Po\u010detna"},"content":{"rendered":"<div class=\"wpb-content-wrapper\"><p>[vc_row full_width=&#8221;stretch_row&#8221; bg_type=&#8221;bg_color&#8221; css=&#8221;.vc_custom_1525948206150{margin-bottom: 120px !important;}&#8221;][vc_column][vc_column_text el_class=&#8221;frontheading&#8221; css=&#8221;.vc_custom_1540512464797{padding-bottom: 15px !important;}&#8221;]<\/p>\n<h1 style=\"text-align: center; margin-bottom: 10px; font-size: 40px; font-weight: 900;\">Na\u0161 izbor vila za odmor<\/h1>\n<div class=\"subheading\">Suvremene i potpuno opremljene vile<\/div>\n<p>[\/vc_column_text]<div class=\"   \" ><div class=\"items_shortcode_wrapper items_shortcode_wrapper_full   \"><div class=\"places_wrapper   places_wrapper3\" data-link=\"https:\/\/sunny-step.com\/hr\/properties\/kuca-za-odmor-matija-s-bazenom\/\">\n    <div class=\"places3 places_listing\"  data-listid=\"35777\" ><div class=\"listing-hover-gradient\"><\/div><div class=\"listing-hover\" ><\/div><div class=\"listing-unit-img-wrapper shortcodefull\" style=\"background-image:url(https:\/\/sunny-step.com\/wp-content\/uploads\/2018\/09\/IMG_1942.jpg)\"><\/div><div class=\"property_status_wrapper\"><div class=\"property_status status_\"><\/div><div class=\"property_status status_\"><\/div><\/div><\/div><div class=\"category_name\"><a class=\"featured_listing_title\" href=\"https:\/\/sunny-step.com\/hr\/properties\/kuca-za-odmor-matija-s-bazenom\/\">Ku\u0107a za odmor Matija s bazenom<\/a><div class=\"category_tagline\"><a href=\"https:\/\/sunny-step.com\/hr\/area\/svetvincenat-hr\/\" rel=\"tag\">Svetvin\u010denat<\/a>, <a href=\"https:\/\/sunny-step.com\/hr\/mjesto\/ferlini-hr\/\" rel=\"tag\">Ferlini<\/a><\/div><\/div>\n<\/div>\n<div class=\"places_wrapper   places_wrapper3\" data-link=\"https:\/\/sunny-step.com\/hr\/properties\/apartman-lory-s-bazenom-u-medulinu\/\">\n    <div class=\"places3 places_listing\"  data-listid=\"35775\" ><div class=\"listing-hover-gradient\"><\/div><div class=\"listing-hover\" ><\/div><div class=\"listing-unit-img-wrapper shortcodefull\" style=\"background-image:url(https:\/\/sunny-step.com\/wp-content\/uploads\/2018\/09\/25.jpg)\"><\/div><div class=\"property_status_wrapper\"><div class=\"property_status status_\"><\/div><div class=\"property_status status_\"><\/div><\/div><\/div><div class=\"category_name\"><a class=\"featured_listing_title\" href=\"https:\/\/sunny-step.com\/hr\/properties\/apartman-lory-s-bazenom-u-medulinu\/\">Apartman Lory s bazenom u Medulinu<\/a><div class=\"category_tagline\"><\/div><\/div>\n<\/div>\n<div class=\"places_wrapper   places_wrapper3\" data-link=\"https:\/\/sunny-step.com\/hr\/properties\/prostrana-kuca-s-bazenom-okruzena-prirodom\/\">\n    <div class=\"places3 places_listing\"  data-listid=\"35773\" ><div class=\"listing-hover-gradient\"><\/div><div class=\"listing-hover\" ><\/div><div class=\"listing-unit-img-wrapper shortcodefull\" style=\"background-image:url(https:\/\/sunny-step.com\/wp-content\/uploads\/2018\/09\/MG_0421.jpg)\"><\/div><div class=\"property_status_wrapper\"><div class=\"property_status status_\"><\/div><div class=\"property_status status_\"><\/div><\/div><\/div><div class=\"category_name\"><a class=\"featured_listing_title\" href=\"https:\/\/sunny-step.com\/hr\/properties\/prostrana-kuca-s-bazenom-okruzena-prirodom\/\">Prostrana ku\u0107a s bazenom okru\u017eena prirod...<\/a><div class=\"category_tagline\"><a href=\"https:\/\/sunny-step.com\/hr\/area\/marcana-orbanici-hr\/\" rel=\"tag\">Mar\u010dana, Orbani\u0107i<\/a>, <a href=\"https:\/\/sunny-step.com\/hr\/mjesto\/orbanici-hr\/\" rel=\"tag\">Orbani\u0107i<\/a><\/div><\/div>\n<\/div>\n<div class=\"places_wrapper   places_wrapper3\" data-link=\"https:\/\/sunny-step.com\/hr\/properties\/apartman-tonka-2-u-blizini-plaze-i-mora\/\">\n    <div class=\"places3 places_listing\"  data-listid=\"35731\" ><div class=\"listing-hover-gradient\"><\/div><div class=\"listing-hover\" ><\/div><div class=\"listing-unit-img-wrapper shortcodefull\" style=\"background-image:url(https:\/\/sunny-step.com\/wp-content\/uploads\/2018\/09\/IMG_7298.jpg)\"><\/div><div class=\"property_status_wrapper\"><div class=\"property_status status_\"><\/div><div class=\"property_status status_\"><\/div><\/div><\/div><div class=\"category_name\"><a class=\"featured_listing_title\" href=\"https:\/\/sunny-step.com\/hr\/properties\/apartman-tonka-2-u-blizini-plaze-i-mora\/\">Apartman Tonka 2 u blizini pla\u017ee i mora<\/a><div class=\"category_tagline\"><a href=\"https:\/\/sunny-step.com\/hr\/area\/pula-hr\/\" rel=\"tag\">Pula<\/a>, <a href=\"https:\/\/sunny-step.com\/hr\/mjesto\/pula-hr\/\" rel=\"tag\">Pula<\/a><\/div><\/div>\n<\/div>\n<div class=\"places_wrapper   places_wrapper3\" data-link=\"https:\/\/sunny-step.com\/hr\/properties\/apartment-tonka-1-near-beach-and-sea\/\">\n    <div class=\"places3 places_listing\"  data-listid=\"35740\" ><div class=\"listing-hover-gradient\"><\/div><div class=\"listing-hover\" ><\/div><div class=\"listing-unit-img-wrapper shortcodefull\" style=\"background-image:url(https:\/\/sunny-step.com\/wp-content\/uploads\/2018\/09\/IMG_7294.jpg)\"><\/div><div class=\"property_status_wrapper\"><div class=\"property_status status_\"><\/div><div class=\"property_status status_\"><\/div><\/div><\/div><div class=\"category_name\"><a class=\"featured_listing_title\" href=\"https:\/\/sunny-step.com\/hr\/properties\/apartment-tonka-1-near-beach-and-sea\/\">Apartman Tonka 1 u blizini pla\u017ee i mora<\/a><div class=\"category_tagline\"><a href=\"https:\/\/sunny-step.com\/hr\/area\/pula-hr\/\" rel=\"tag\">Pula<\/a>, <a href=\"https:\/\/sunny-step.com\/hr\/mjesto\/pula-hr\/\" rel=\"tag\">Pula<\/a><\/div><\/div>\n<\/div>\n<div class=\"places_wrapper   places_wrapper3\" data-link=\"https:\/\/sunny-step.com\/hr\/properties\/sarmantna-casa-putini\/\">\n    <div class=\"places3 places_listing\"  data-listid=\"35729\" ><div class=\"listing-hover-gradient\"><\/div><div class=\"listing-hover\" ><\/div><div class=\"listing-unit-img-wrapper shortcodefull\" style=\"background-image:url(https:\/\/sunny-step.com\/wp-content\/uploads\/2018\/09\/IMG_4288.jpg)\"><\/div><div class=\"property_status_wrapper\"><div class=\"property_status status_\"><\/div><div class=\"property_status status_\"><\/div><\/div><\/div><div class=\"category_name\"><a class=\"featured_listing_title\" href=\"https:\/\/sunny-step.com\/hr\/properties\/sarmantna-casa-putini\/\">\u0160armantna Casa Putini<\/a><div class=\"category_tagline\"><a href=\"https:\/\/sunny-step.com\/hr\/area\/kanfanar-hr\/\" rel=\"tag\">Kanfanar<\/a>, <a href=\"https:\/\/sunny-step.com\/hr\/mjesto\/putini-hr\/\" rel=\"tag\">Putini<\/a><\/div><\/div>\n<\/div>\n<div class=\"places_wrapper   places_wrapper3\" data-link=\"https:\/\/sunny-step.com\/hr\/properties\/kuca-za-odmor-ines\/\">\n    <div class=\"places3 places_listing\"  data-listid=\"35728\" ><div class=\"listing-hover-gradient\"><\/div><div class=\"listing-hover\" ><\/div><div class=\"listing-unit-img-wrapper shortcodefull\" style=\"background-image:url(https:\/\/sunny-step.com\/wp-content\/uploads\/2018\/09\/DSC_0010-PS.jpg)\"><\/div><div class=\"property_status_wrapper\"><div class=\"property_status status_\"><\/div><div class=\"property_status status_\"><\/div><\/div><\/div><div class=\"category_name\"><a class=\"featured_listing_title\" href=\"https:\/\/sunny-step.com\/hr\/properties\/kuca-za-odmor-ines\/\">Ku\u0107a za odmor Ines<\/a><div class=\"category_tagline\"><a href=\"https:\/\/sunny-step.com\/hr\/area\/barban-barban-hr\/\" rel=\"tag\">Barban, Barban<\/a>, <a href=\"https:\/\/sunny-step.com\/hr\/mjesto\/barban-hr\/\" rel=\"tag\">Barban<\/a><\/div><\/div>\n<\/div>\n<\/div><\/div>[\/vc_column][\/vc_row][vc_row full_width=&#8221;stretch_row&#8221; bg_type=&#8221;bg_color&#8221; bg_override=&#8221;full&#8221;][vc_column][vc_column_text el_class=&#8221;frontheading&#8221; css=&#8221;.vc_custom_1525950236782{padding-bottom: 15px !important;}&#8221;]<\/p>\n<p>&nbsp;<\/p>\n<h1 style=\"text-align: center;\">PONUDA &#8211; Kamperi za najam<\/h1>\n<div class=\"subheading\">Unajmite kamper<\/div>\n<p>[\/vc_column_text][vc_single_image image=&#8221;42472&#8243; img_size=&#8221;full&#8221; alignment=&#8221;center&#8221; onclick=&#8221;custom_link&#8221; title=&#8221;Ne morate ostati na jednom mjestu&#8221; link=&#8221;<a href=\"https:\/\/sunny-step.com\/hr\/campers-for-rent\/\">https:\/\/sunny-step.com\/campers-for-rent\/<\/a>&#8221; css=&#8221;.vc_custom_1617477053478{background-position: center !important;background-repeat: no-repeat !important;background-size: cover !important;}&#8221;][\/vc_column][\/vc_row][vc_row full_width=&#8221;stretch_row&#8221; bg_type=&#8221;bg_color&#8221; bg_override=&#8221;full&#8221;][vc_column][vc_column_text el_class=&#8221;frontheading&#8221; css=&#8221;.vc_custom_1525950236782{padding-bottom: 15px !important;}&#8221;]<\/p>\n<h1 style=\"text-align: center; margin-bottom: 10px; font-size: 40px; font-weight: 900;\">Mjesta za posjetiti &amp;<\/h1>\n<h1 style=\"text-align: center; margin-bottom: 10px; font-size: 40px; font-weight: 900;\">\u0161to raditi<\/h1>\n<div class=\"subheading\">Kako mo\u017eete jo\u0161 vi\u0161e u\u017eivati tijekom va\u0161eg odmora u Istri<\/div>\n<p>[\/vc_column_text][\/vc_column][\/vc_row][vc_row][vc_column][vc_masonry_grid post_type=&#8221;post&#8221; max_items=&#8221;6&#8243; item=&#8221;masonryGrid_FadeIn&#8221; initial_loading_animation=&#8221;fadeIn&#8221; grid_id=&#8221;vc_gid:1607621774956-fd4163006fa89b587d8c2ffb2bb0d8de-4&#8243;][\/vc_column][\/vc_row]<\/p>\n<\/div>","protected":false},"excerpt":{"rendered":"<p>[vc_row full_width=&#8221;stretch_row&#8221; bg_type=&#8221;bg_color&#8221; css=&#8221;.vc_custom_1525948206150{margin-bottom: 120px !important;}&#8221;][vc_column][vc_column_text el_class=&#8221;frontheading&#8221; css=&#8221;.vc_custom_1540512464797{padding-bottom: 15px !important;}&#8221;] Na\u0161 izbor vila za odmor Suvremene i potpuno opremljene vile [\/vc_column_text][\/vc_column][\/vc_row][vc_row full_width=&#8221;stretch_row&#8221; bg_type=&#8221;bg_color&#8221; bg_override=&#8221;full&#8221;][vc_column][vc_column_text el_class=&#8221;frontheading&#8221; css=&#8221;.vc_custom_1525950236782{padding-bottom: 15px !important;}&#8221;] &nbsp; PONUDA &#8211; Kamperi za najam Unajmite kamper [\/vc_column_text][vc_single_image image=&#8221;42472&#8243; img_size=&#8221;full&#8221; alignment=&#8221;center&#8221; onclick=&#8221;custom_link&#8221; title=&#8221;Ne morate ostati na jednom mjestu&#8221; link=&#8221;https:\/\/sunny-step.com\/campers-for-rent\/&#8221; css=&#8221;.vc_custom_1617477053478{background-position: center !important;background-repeat: no-repeat !important;background-size: cover !important;}&#8221;][\/vc_column][\/vc_row][vc_row &#8230;<\/p>\n","protected":false},"author":1,"featured_media":0,"parent":0,"menu_order":0,"comment_status":"closed","ping_status":"closed","template":"","meta":{"footnotes":""},"class_list":["post-28252","page","type-page","status-publish","hentry"],"_links":{"self":[{"href":"https:\/\/sunny-step.com\/hr\/wp-json\/wp\/v2\/pages\/28252","targetHints":{"allow":["GET"]}}],"collection":[{"href":"https:\/\/sunny-step.com\/hr\/wp-json\/wp\/v2\/pages"}],"about":[{"href":"https:\/\/sunny-step.com\/hr\/wp-json\/wp\/v2\/types\/page"}],"author":[{"embeddable":true,"href":"https:\/\/sunny-step.com\/hr\/wp-json\/wp\/v2\/users\/1"}],"replies":[{"embeddable":true,"href":"https:\/\/sunny-step.com\/hr\/wp-json\/wp\/v2\/comments?post=28252"}],"version-history":[{"count":0,"href":"https:\/\/sunny-step.com\/hr\/wp-json\/wp\/v2\/pages\/28252\/revisions"}],"wp:attachment":[{"href":"https:\/\/sunny-step.com\/hr\/wp-json\/wp\/v2\/media?parent=28252"}],"curies":[{"name":"wp","href":"https:\/\/api.w.org\/{rel}","templated":true}]}}