{"id":28266,"date":"2018-08-29T14:37:19","date_gmt":"2018-08-29T14:37:19","guid":{"rendered":"https:\/\/sunny-step.com\/izjava-o-privatnosti\/"},"modified":"2018-10-18T11:56:15","modified_gmt":"2018-10-18T11:56:15","slug":"izjava-o-privatnosti","status":"publish","type":"page","link":"https:\/\/sunny-step.com\/hr\/izjava-o-privatnosti\/","title":{"rendered":"Izjava o privatnosti"},"content":{"rendered":"<div class=\"wpb-content-wrapper\"><p>[vc_row][vc_column][vc_column_text]Agencija Sunny Step j.d.o.o. je posve\u0107ena za\u0161titi svih osobnih podataka svojih kupaca\/klijenata. Prikupljamo samo nu\u017ene, osnovne podatke o korisnicima\/klijentima koji su potrebni za ispunjavanje na\u0161ih obveza kao \u0161to su uglavnom ime, prezime, adresa, broj telefona te e-mail adresa.<\/p>\n<p>Ovi podaci nam pru\u017eaju mogu\u0107nost za zaklju\u010denje rezervacije, odnosno ispis putnih isprava i vouchera. Nadalje ovi podaci mogu se koristiti u statisti\u010dke svrhe prilikom ocjenjivanja na\u0161ih proizvoda i sl., te za slanje raznih promid\u017ebenih materijala.<\/p>\n<p>Prilikom izvr\u0161enja rezervacije putem Internet stranice Sunny Step-a, klijenti su nam obavezni staviti na raspolaganje adresu elektroni\u010dke po\u0161te (e-mail). Navedeno nam omogu\u0107ava trenutnu dostavu potvrde o rezervaciji \u010dime jo\u0161 jednom mo\u017eemo provjeriti da su svi podaci ispravno zabilje\u017eeni.<\/p>\n<p>Adresa elektroni\u010dke po\u0161te ne\u0107e se koristiti u druge svrhe osim gore navedenih bez prethodnog odobrenja klijenta.<\/p>\n<p>Obavje\u0161tavamo svoje klijente o na\u010dinu na koji prikupljamo podatke i redovito dajemo korisnicima izbor o kori\u0161tenju njihovih podataka.<\/p>\n<p>Sve informacije o korisnicima su strogo povjerljive i dostupne samo ako su takve informacije potrebne za obavljanje posla. Svi zaposlenici te vlasnici objekata odgovorni su za po\u0161tivanje na\u010dela privatnosti.<\/p>\n<p>Podaci koji se \u010duvaju nisu kriptirani, no za\u0161ti\u0107eni su od neovla\u0161tenog kori\u0161tenja zahvaljuju\u0107i kori\u0161tenju naprednog firewall-a za za\u0161titu od neovla\u0161tenog pristupa sustavu. Na taj na\u010din \u0161titimo osobne podatke posjetitelja na\u0161e Internet stranice, kao i na\u0161e interne mre\u017ee od neovla\u0161tenog pristupa sa Interneta.<\/p>\n<p>Ako smatrate da se Va\u0161a prava kr\u0161e tako\u0111er imate pravo podnijeti pritu\u017ebu nadle\u017enom nadzornom tijelu u vezi s obradom Va\u0161ih osobnih podataka.[\/vc_column_text][\/vc_column][\/vc_row]<\/p>\n<\/div>","protected":false},"excerpt":{"rendered":"<p>[vc_row][vc_column][vc_column_text]Agencija Sunny Step j.d.o.o. je posve\u0107ena za\u0161titi svih osobnih podataka svojih kupaca\/klijenata. Prikupljamo samo nu\u017ene, osnovne podatke o korisnicima\/klijentima koji su potrebni za ispunjavanje na\u0161ih obveza kao \u0161to su uglavnom ime, prezime, adresa, broj telefona te e-mail adresa. Ovi podaci nam pru\u017eaju mogu\u0107nost za zaklju\u010denje rezervacije, odnosno ispis putnih isprava i vouchera. Nadalje ovi podaci &#8230;<\/p>\n","protected":false},"author":1,"featured_media":0,"parent":0,"menu_order":0,"comment_status":"closed","ping_status":"closed","template":"terms_conditions.php","meta":{"footnotes":""},"class_list":["post-28266","page","type-page","status-publish","hentry"],"_links":{"self":[{"href":"https:\/\/sunny-step.com\/hr\/wp-json\/wp\/v2\/pages\/28266","targetHints":{"allow":["GET"]}}],"collection":[{"href":"https:\/\/sunny-step.com\/hr\/wp-json\/wp\/v2\/pages"}],"about":[{"href":"https:\/\/sunny-step.com\/hr\/wp-json\/wp\/v2\/types\/page"}],"author":[{"embeddable":true,"href":"https:\/\/sunny-step.com\/hr\/wp-json\/wp\/v2\/users\/1"}],"replies":[{"embeddable":true,"href":"https:\/\/sunny-step.com\/hr\/wp-json\/wp\/v2\/comments?post=28266"}],"version-history":[{"count":0,"href":"https:\/\/sunny-step.com\/hr\/wp-json\/wp\/v2\/pages\/28266\/revisions"}],"wp:attachment":[{"href":"https:\/\/sunny-step.com\/hr\/wp-json\/wp\/v2\/media?parent=28266"}],"curies":[{"name":"wp","href":"https:\/\/api.w.org\/{rel}","templated":true}]}}