{"id":28268,"date":"2018-08-29T14:44:03","date_gmt":"2018-08-29T14:44:03","guid":{"rendered":"https:\/\/sunny-step.com\/?page_id=28268"},"modified":"2018-10-24T22:30:36","modified_gmt":"2018-10-24T22:30:36","slug":"impressum","status":"publish","type":"page","link":"https:\/\/sunny-step.com\/hr\/impressum\/","title":{"rendered":"Impressum"},"content":{"rendered":"<p><strong>Sunny Step j.d.o.o.<\/strong><br \/>\nBi\u010di\u0107i 2b<br \/>\n52207 Barban, Croatia<br \/>\ntel. 1 +385\u00a095 9031 551<br \/>\ntel. 2 +385 98 382 258<\/p>\n<p><strong>web:<\/strong>\u00a0www.sunny-step.com<br \/>\n<strong>E-mail:\u00a0<\/strong>info@<u>sunnystep.net,\u00a0<\/u><u>sunnystepagency@gmail.com<\/u><\/p>\n<p><strong>Director:<\/strong> Drago Pere\u0161a<\/p>\n<p><strong>Business Manager:<\/strong> Lucija Pere\u0161a mag.oec.<\/p>\n<p><strong>Registered:<\/strong> Trgova\u010dki sud u Pazinu<\/p>\n<p><strong>ID-KOD:<\/strong> HR-AB-52-130055780<br \/>\n<strong>OIB:<\/strong> 95661370687<\/p>\n<p><strong>Business bank account<\/strong><br \/>\nOTP banka d.d., Domovinskog rata 3, 23000 Zadar, Hrvatska<br \/>\n<strong>IBAN:<\/strong> HR8824070001100443293<br \/>\n<strong>SWIFT:<\/strong>\u00a0 OTPVHR2X<\/p>\n","protected":false},"excerpt":{"rendered":"<p>Sunny Step j.d.o.o. Bi\u010di\u0107i 2b 52207 Barban, Croatia tel. 1 +385\u00a095 9031 551 tel. 2 +385 98 382 258 web:\u00a0www.sunny-step.com E-mail:\u00a0info@sunnystep.net,\u00a0sunnystepagency@gmail.com Director: Drago Pere\u0161a Business Manager: Lucija Pere\u0161a mag.oec. Registered: Trgova\u010dki sud u Pazinu ID-KOD: HR-AB-52-130055780 OIB: 95661370687 Business bank account OTP banka d.d., Domovinskog rata 3, 23000 Zadar, Hrvatska IBAN: HR8824070001100443293 SWIFT:\u00a0 OTPVHR2X<\/p>\n","protected":false},"author":1,"featured_media":0,"parent":0,"menu_order":0,"comment_status":"closed","ping_status":"closed","template":"terms_conditions.php","meta":{"footnotes":""},"class_list":["post-28268","page","type-page","status-publish","hentry"],"_links":{"self":[{"href":"https:\/\/sunny-step.com\/hr\/wp-json\/wp\/v2\/pages\/28268","targetHints":{"allow":["GET"]}}],"collection":[{"href":"https:\/\/sunny-step.com\/hr\/wp-json\/wp\/v2\/pages"}],"about":[{"href":"https:\/\/sunny-step.com\/hr\/wp-json\/wp\/v2\/types\/page"}],"author":[{"embeddable":true,"href":"https:\/\/sunny-step.com\/hr\/wp-json\/wp\/v2\/users\/1"}],"replies":[{"embeddable":true,"href":"https:\/\/sunny-step.com\/hr\/wp-json\/wp\/v2\/comments?post=28268"}],"version-history":[{"count":0,"href":"https:\/\/sunny-step.com\/hr\/wp-json\/wp\/v2\/pages\/28268\/revisions"}],"wp:attachment":[{"href":"https:\/\/sunny-step.com\/hr\/wp-json\/wp\/v2\/media?parent=28268"}],"curies":[{"name":"wp","href":"https:\/\/api.w.org\/{rel}","templated":true}]}}