{"id":35440,"date":"2018-10-24T22:37:57","date_gmt":"2018-10-24T22:37:57","guid":{"rendered":"https:\/\/sunny-step.com\/?page_id=35440"},"modified":"2018-10-25T20:55:00","modified_gmt":"2018-10-25T20:55:00","slug":"kontakt2","status":"publish","type":"page","link":"https:\/\/sunny-step.com\/hr\/kontakt2\/","title":{"rendered":"Kontakt"},"content":{"rendered":"<div class=\"wpb-content-wrapper\"><p>[vc_row full_width=&#8221;stretch_row_content_no_spaces&#8221;][vc_column][vc_gmaps link=&#8221;#E-8_JTNDaWZyYW1lJTIwc3JjJTNEJTIyaHR0cHMlM0ElMkYlMkZ3d3cuZ29vZ2xlLmNvbSUyRm1hcHMlMkZlbWJlZCUzRnBiJTNEJTIxMW0xOCUyMTFtMTIlMjExbTMlMjExZDExMjc5Ljk5MjU5MDc4MDAxMiUyMTJkMTMuOTIyMzEwNDYwNzIxNTMzJTIxM2Q0NS4wMjQ5NjMwNzUxODQ2JTIxMm0zJTIxMWYwJTIxMmYwJTIxM2YwJTIxM20yJTIxMWkxMDI0JTIxMmk3NjglMjE0ZjEzLjElMjEzbTMlMjExbTIlMjExczB4NDc3Y2NhYzNlMTg5M2JiNyUyNTNBMHg3MDFhOTcwYzY0MzNiZWNjJTIxMnpRbW5FalduRWgya2dNaXdnTlRJeU1EY3NJRUpweEkxcHhJZHAlMjE1ZTAlMjEzbTIlMjExc2VuJTIxMnNociUyMTR2MTU0MDQ5Nzc1NTEwNyUyMiUyMHdpZHRoJTNEJTIyNjAwJTIyJTIwaGVpZ2h0JTNEJTIyNTUwJTIyJTIwZnJhbWVib3JkZXIlM0QlMjIwJTIyJTIwc3R5bGUlM0QlMjJib3JkZXIlM0EwJTIyJTIwYWxsb3dmdWxsc2NyZWVuJTNFJTNDJTJGaWZyYW1lJTNF&#8221;][\/vc_column][\/vc_row][vc_row][vc_column width=&#8221;1\/2&#8243;][vc_column_text]<\/p>\n<h3>O nama<\/h3>\n<p>Mladi ljudi sa vi\u0161egodi\u0161njim iskustvom rada u turizmu preto\u010dili su svoje znanje u turisti\u010dku agenciju Sunny Step te osnovali agenciju za najam villa, ku\u0107a za odmor i apartmana. Rastu\u0107a internet agencija pru\u017eiti \u0107e Vam udoban i kvalitetan smje\u0161taj u cijeloj Istri.<\/p>\n<p>Sunny Step su pokrenuli zaljubljenici u svoju regiju kako bi svojim klijentima pribli\u017eili prekrasan krajolik. Osim \u0161to \u0107e Vam profesionalni zaposlenici pru\u017eiti najbolji i najudobniji smje\u0161taj koji odgovara Va\u0161im potrebama dodatno \u0107e se potruditi kako bi Vam odmor ostao u nezaboravnom sje\u0107anju, upravo ste\u010denim iskustvom i znanjem o svojoj regiji.<\/p>\n<p>Stoga, ne \u010dekajte odaberite svoju villu, ku\u0107u sa bazenom ili apartman za odmor jo\u0161 danas!!<\/p>\n<p>S pravom ste odabrali Istru za nezaboravan i kvalitetan odmor![\/vc_column_text][\/vc_column][vc_column width=&#8221;1\/2&#8243;][vc_column_text]<\/p>\n<h3>Turisti\u010dka agencija Sunny Step j.d.o.o.<\/h3>\n<div class=\"agent_detail contact_detail\"><i class=\"fas fa-phone\"><\/i><a href=\"tel:+385 95 903 1551\">+385 95 903 1551<\/a><\/div>\n<div class=\"agent_detail contact_detail\"><i class=\"fas fa-mobile-alt\"><\/i><a href=\"tel:+385 98 382 258\">+385 98 382 258<\/a><\/div>\n<div class=\"agent_detail contact_detail\"><i class=\"far fa-envelope\"><\/i><a href=\"mailto:info@sunnystep.net\">info@sunnystep.net,<\/a><a href=\"mailto:sunnystepagency@gmail.com\">\u00a0<u>sunnystepagency@gmail.com<\/u><\/a><\/div>\n<div class=\"agent_detail contact_detail\"><i class=\"fas fa-home\"><\/i>Bi\u010di\u0107i 2 B, 52207 Barban, Hrvatska<\/div>\n<div><\/div>\n<p>[\/vc_column_text][\/vc_column][\/vc_row][vc_row][vc_column][vc_separator][\/vc_column][\/vc_row][vc_row bg_type=&#8221;bg_color&#8221; bg_color_value=&#8221;rgba(255,255,255,0.01)&#8221;][vc_column]\n<div class=\"wpcf7 no-js\" id=\"wpcf7-f35444-o1\" lang=\"en-US\" dir=\"ltr\" data-wpcf7-id=\"35444\">\n<div class=\"screen-reader-response\"><p role=\"status\" aria-live=\"polite\" aria-atomic=\"true\"><\/p> <ul><\/ul><\/div>\n<form action=\"\/hr\/wp-json\/wp\/v2\/pages\/35440#wpcf7-f35444-o1\" method=\"post\" class=\"wpcf7-form init wpcf7-acceptance-as-validation\" aria-label=\"Contact form\" novalidate=\"novalidate\" data-status=\"init\">\n<fieldset class=\"hidden-fields-container\"><input type=\"hidden\" name=\"_wpcf7\" value=\"35444\" \/><input type=\"hidden\" name=\"_wpcf7_version\" value=\"6.1.5\" \/><input type=\"hidden\" name=\"_wpcf7_locale\" value=\"en_US\" \/><input type=\"hidden\" name=\"_wpcf7_unit_tag\" value=\"wpcf7-f35444-o1\" \/><input type=\"hidden\" name=\"_wpcf7_container_post\" value=\"0\" \/><input type=\"hidden\" name=\"_wpcf7_posted_data_hash\" value=\"\" \/>\n<\/fieldset>\n<p><label> Va\u0161e ime (obavezno)<br \/>\n<span class=\"wpcf7-form-control-wrap\" data-name=\"your-name\"><input size=\"40\" maxlength=\"400\" class=\"wpcf7-form-control wpcf7-text wpcf7-validates-as-required\" aria-required=\"true\" aria-invalid=\"false\" value=\"\" type=\"text\" name=\"your-name\" \/><\/span> <\/label>\n<\/p>\n<p><label> Va\u0161 E-mail (obavezno)<br \/>\n<span class=\"wpcf7-form-control-wrap\" data-name=\"your-email\"><input size=\"40\" maxlength=\"400\" class=\"wpcf7-form-control wpcf7-email wpcf7-validates-as-required wpcf7-text wpcf7-validates-as-email\" aria-required=\"true\" aria-invalid=\"false\" value=\"\" type=\"email\" name=\"your-email\" \/><\/span> <\/label>\n<\/p>\n<p><label> Naslov poruke<br \/>\n<span class=\"wpcf7-form-control-wrap\" data-name=\"your-subject\"><input size=\"40\" maxlength=\"400\" class=\"wpcf7-form-control wpcf7-text\" aria-invalid=\"false\" value=\"\" type=\"text\" name=\"your-subject\" \/><\/span> <\/label>\n<\/p>\n<p><label> Va\u0161a poruka<br \/>\n<span class=\"wpcf7-form-control-wrap\" data-name=\"your-message\"><textarea cols=\"40\" rows=\"10\" maxlength=\"2000\" class=\"wpcf7-form-control wpcf7-textarea\" aria-invalid=\"false\" name=\"your-message\"><\/textarea><\/span><br \/>\n<\/label>\n<\/p>\n<p><span class=\"wpcf7-form-control-wrap\" data-name=\"acceptance-64\"><span class=\"wpcf7-form-control wpcf7-acceptance\"><span class=\"wpcf7-list-item\"><label><input type=\"checkbox\" name=\"acceptance-64\" value=\"1\" aria-invalid=\"false\" \/><span class=\"wpcf7-list-item-label\">Da, sla\u017eem se i dobrovoljno pristajem dati Sunny-Step j.d.o.o. sve informacije koje su potrebne u gore navedenom obliku, a sve u skladu s <a href=\"https:\/\/sunny-step.com\/izjava-o-privatnosti\/?lang=hr\" class=\"\" target=\"_blank\">Pravilima o privatnosti<\/a> i <a href=\"https:\/\/sunny-step.com\/terms-and-conditions\/?lang=hr\" class=\"\" target=\"_blank\">Uvjetima i odredbama<\/a>, koje sam pro\u010ditao i s kojima se sla\u017eem.<\/span><\/label><\/span><\/span><\/span>\n<\/p>\n<p><input class=\"wpcf7-form-control wpcf7-submit has-spinner\" type=\"submit\" value=\"Po\u0161alji\" \/>\n<\/p><div class=\"wpcf7-response-output\" aria-hidden=\"true\"><\/div>\n<\/form>\n<\/div>\n[\/vc_column][\/vc_row]<\/p>\n<\/div>","protected":false},"excerpt":{"rendered":"<p>[vc_row full_width=&#8221;stretch_row_content_no_spaces&#8221;][vc_column][vc_gmaps link=&#8221;#E-8_JTNDaWZyYW1lJTIwc3JjJTNEJTIyaHR0cHMlM0ElMkYlMkZ3d3cuZ29vZ2xlLmNvbSUyRm1hcHMlMkZlbWJlZCUzRnBiJTNEJTIxMW0xOCUyMTFtMTIlMjExbTMlMjExZDExMjc5Ljk5MjU5MDc4MDAxMiUyMTJkMTMuOTIyMzEwNDYwNzIxNTMzJTIxM2Q0NS4wMjQ5NjMwNzUxODQ2JTIxMm0zJTIxMWYwJTIxMmYwJTIxM2YwJTIxM20yJTIxMWkxMDI0JTIxMmk3NjglMjE0ZjEzLjElMjEzbTMlMjExbTIlMjExczB4NDc3Y2NhYzNlMTg5M2JiNyUyNTNBMHg3MDFhOTcwYzY0MzNiZWNjJTIxMnpRbW5FalduRWgya2dNaXdnTlRJeU1EY3NJRUpweEkxcHhJZHAlMjE1ZTAlMjEzbTIlMjExc2VuJTIxMnNociUyMTR2MTU0MDQ5Nzc1NTEwNyUyMiUyMHdpZHRoJTNEJTIyNjAwJTIyJTIwaGVpZ2h0JTNEJTIyNTUwJTIyJTIwZnJhbWVib3JkZXIlM0QlMjIwJTIyJTIwc3R5bGUlM0QlMjJib3JkZXIlM0EwJTIyJTIwYWxsb3dmdWxsc2NyZWVuJTNFJTNDJTJGaWZyYW1lJTNF&#8221;][\/vc_column][\/vc_row][vc_row][vc_column width=&#8221;1\/2&#8243;][vc_column_text] O nama Mladi ljudi sa vi\u0161egodi\u0161njim iskustvom rada u turizmu preto\u010dili su svoje znanje u turisti\u010dku agenciju Sunny Step te osnovali agenciju za najam villa, ku\u0107a za odmor i apartmana. Rastu\u0107a internet agencija pru\u017eiti \u0107e Vam udoban i kvalitetan smje\u0161taj u cijeloj Istri. Sunny Step su pokrenuli zaljubljenici u svoju regiju &#8230;<\/p>\n","protected":false},"author":1,"featured_media":0,"parent":0,"menu_order":0,"comment_status":"closed","ping_status":"closed","template":"","meta":{"footnotes":""},"class_list":["post-35440","page","type-page","status-publish","hentry"],"_links":{"self":[{"href":"https:\/\/sunny-step.com\/hr\/wp-json\/wp\/v2\/pages\/35440","targetHints":{"allow":["GET"]}}],"collection":[{"href":"https:\/\/sunny-step.com\/hr\/wp-json\/wp\/v2\/pages"}],"about":[{"href":"https:\/\/sunny-step.com\/hr\/wp-json\/wp\/v2\/types\/page"}],"author":[{"embeddable":true,"href":"https:\/\/sunny-step.com\/hr\/wp-json\/wp\/v2\/users\/1"}],"replies":[{"embeddable":true,"href":"https:\/\/sunny-step.com\/hr\/wp-json\/wp\/v2\/comments?post=35440"}],"version-history":[{"count":0,"href":"https:\/\/sunny-step.com\/hr\/wp-json\/wp\/v2\/pages\/35440\/revisions"}],"wp:attachment":[{"href":"https:\/\/sunny-step.com\/hr\/wp-json\/wp\/v2\/media?parent=35440"}],"curies":[{"name":"wp","href":"https:\/\/api.w.org\/{rel}","templated":true}]}}