{"id":42527,"date":"2021-04-01T12:05:51","date_gmt":"2021-04-01T11:05:51","guid":{"rendered":"https:\/\/sunny-step.com\/campers-for-rent\/"},"modified":"2021-04-01T12:42:30","modified_gmt":"2021-04-01T11:42:30","slug":"campers-for-rent","status":"publish","type":"page","link":"https:\/\/sunny-step.com\/hr\/campers-for-rent\/","title":{"rendered":"Kamperi za Najam"},"content":{"rendered":"\n<p><strong>TOP USLUGE I KVALITETNI KAMPERI U HRVATSKOJ<\/strong><br>* personaliziran i kvalitetna kamper charter usluga<br>* 24\/7 podr\u0161ka klijentima<br>* kvalitetni i odli\u010dno opremljeni kamperi po pristupa\u010dnim cijenama<\/p>\n\n\n\n<p><strong>KAMPERI ZA NAJAM:<\/strong> <br>RENT A KAMPER &#8211; AHORN CANADA<br>RENT A KAMPER &#8211; FIAT RIMOR SEAL 5<br>RENT A KAMPER &#8211; RIMOR KATAMARANO 9<br>RENT A KAMPER &#8211; ADRIATIC MAX 128<br>RENT A KAMPER &#8211; RIMOR KATAMARANO 50<br>RENT A KAMPER &#8211; WEINSBERG CARA TWO 550 QDK<\/p>\n\n\n\n<p>Kontakt:\u00a0<a rel=\"noreferrer noopener\" href=\"http:\/\/www.camper-adriatic.com\/\" target=\"_blank\">www.camper-adriatic.com<\/a><\/p>\n\n\n\n<p>e-mail: <a rel=\"noreferrer noopener\" href=\"mailto:info@camper-adriatic.com\" target=\"_blank\">info@camper-adriatic.com<\/a><\/p>\n\n\n\n<p>mobitel: <a href=\"tel:+385 91 504 57 34\" data-type=\"tel\" data-id=\"tel:+385 91 504 57 34\">+385 91 504 57 34<\/a><\/p>\n\n\n\n<p><\/p>\n\n\n\n<figure class=\"wp-block-gallery columns-3 is-cropped wp-block-gallery-1 is-layout-flex wp-block-gallery-is-layout-flex\"><ul class=\"blocks-gallery-grid\"><li class=\"blocks-gallery-item\"><figure><a href=\"https:\/\/sunny-step.com\/wp-content\/uploads\/2021\/04\/26f2ba08-5c7c-4292-baf7-3020b326872e.jpg\"><img loading=\"lazy\" decoding=\"async\" width=\"675\" height=\"450\" src=\"https:\/\/sunny-step.com\/wp-content\/uploads\/2021\/04\/26f2ba08-5c7c-4292-baf7-3020b326872e.jpg\" alt=\"\" data-id=\"42472\" data-full-url=\"https:\/\/sunny-step.com\/wp-content\/uploads\/2021\/04\/26f2ba08-5c7c-4292-baf7-3020b326872e.jpg\" data-link=\"https:\/\/sunny-step.com\/campers-for-rent\/26f2ba08-5c7c-4292-baf7-3020b326872e\/\" class=\"wp-image-42472\" srcset=\"https:\/\/sunny-step.com\/wp-content\/uploads\/2021\/04\/26f2ba08-5c7c-4292-baf7-3020b326872e.jpg 675w, https:\/\/sunny-step.com\/wp-content\/uploads\/2021\/04\/26f2ba08-5c7c-4292-baf7-3020b326872e-300x200.jpg 300w, https:\/\/sunny-step.com\/wp-content\/uploads\/2021\/04\/26f2ba08-5c7c-4292-baf7-3020b326872e-240x160.jpg 240w\" sizes=\"auto, (max-width: 675px) 100vw, 675px\" \/><\/a><\/figure><\/li><li class=\"blocks-gallery-item\"><figure><a href=\"https:\/\/sunny-step.com\/wp-content\/uploads\/2021\/04\/8421c2ed-8407-4e10-a069-a00c0e5c45bc.jpg\"><img loading=\"lazy\" decoding=\"async\" width=\"1024\" height=\"682\" src=\"https:\/\/sunny-step.com\/wp-content\/uploads\/2021\/04\/8421c2ed-8407-4e10-a069-a00c0e5c45bc-1024x682.jpg\" alt=\"\" data-id=\"42476\" data-full-url=\"https:\/\/sunny-step.com\/wp-content\/uploads\/2021\/04\/8421c2ed-8407-4e10-a069-a00c0e5c45bc.jpg\" data-link=\"https:\/\/sunny-step.com\/campers-for-rent\/8421c2ed-8407-4e10-a069-a00c0e5c45bc\/\" class=\"wp-image-42476\" srcset=\"https:\/\/sunny-step.com\/wp-content\/uploads\/2021\/04\/8421c2ed-8407-4e10-a069-a00c0e5c45bc-1024x682.jpg 1024w, https:\/\/sunny-step.com\/wp-content\/uploads\/2021\/04\/8421c2ed-8407-4e10-a069-a00c0e5c45bc-300x200.jpg 300w, https:\/\/sunny-step.com\/wp-content\/uploads\/2021\/04\/8421c2ed-8407-4e10-a069-a00c0e5c45bc-768x512.jpg 768w, https:\/\/sunny-step.com\/wp-content\/uploads\/2021\/04\/8421c2ed-8407-4e10-a069-a00c0e5c45bc-1536x1023.jpg 1536w, https:\/\/sunny-step.com\/wp-content\/uploads\/2021\/04\/8421c2ed-8407-4e10-a069-a00c0e5c45bc-240x160.jpg 240w, https:\/\/sunny-step.com\/wp-content\/uploads\/2021\/04\/8421c2ed-8407-4e10-a069-a00c0e5c45bc.jpg 1920w\" sizes=\"auto, (max-width: 1024px) 100vw, 1024px\" \/><\/a><\/figure><\/li><li class=\"blocks-gallery-item\"><figure><a href=\"https:\/\/sunny-step.com\/wp-content\/uploads\/2021\/04\/9018a8a0-ef72-4956-bdf1-e5bdda8c1e0e.jpg\"><img loading=\"lazy\" decoding=\"async\" width=\"1024\" height=\"683\" src=\"https:\/\/sunny-step.com\/wp-content\/uploads\/2021\/04\/9018a8a0-ef72-4956-bdf1-e5bdda8c1e0e-1024x683.jpg\" alt=\"\" data-id=\"42480\" data-full-url=\"https:\/\/sunny-step.com\/wp-content\/uploads\/2021\/04\/9018a8a0-ef72-4956-bdf1-e5bdda8c1e0e.jpg\" data-link=\"https:\/\/sunny-step.com\/campers-for-rent\/9018a8a0-ef72-4956-bdf1-e5bdda8c1e0e\/\" class=\"wp-image-42480\" srcset=\"https:\/\/sunny-step.com\/wp-content\/uploads\/2021\/04\/9018a8a0-ef72-4956-bdf1-e5bdda8c1e0e-1024x683.jpg 1024w, https:\/\/sunny-step.com\/wp-content\/uploads\/2021\/04\/9018a8a0-ef72-4956-bdf1-e5bdda8c1e0e-300x200.jpg 300w, https:\/\/sunny-step.com\/wp-content\/uploads\/2021\/04\/9018a8a0-ef72-4956-bdf1-e5bdda8c1e0e-768x512.jpg 768w, https:\/\/sunny-step.com\/wp-content\/uploads\/2021\/04\/9018a8a0-ef72-4956-bdf1-e5bdda8c1e0e-1536x1024.jpg 1536w, https:\/\/sunny-step.com\/wp-content\/uploads\/2021\/04\/9018a8a0-ef72-4956-bdf1-e5bdda8c1e0e-240x160.jpg 240w, https:\/\/sunny-step.com\/wp-content\/uploads\/2021\/04\/9018a8a0-ef72-4956-bdf1-e5bdda8c1e0e.jpg 1920w\" sizes=\"auto, (max-width: 1024px) 100vw, 1024px\" \/><\/a><\/figure><\/li><li class=\"blocks-gallery-item\"><figure><a href=\"https:\/\/sunny-step.com\/wp-content\/uploads\/2021\/04\/9428d382-9c8b-4af4-9f3d-1c056ded0a52.jpg\"><img loading=\"lazy\" decoding=\"async\" width=\"1024\" height=\"683\" src=\"https:\/\/sunny-step.com\/wp-content\/uploads\/2021\/04\/9428d382-9c8b-4af4-9f3d-1c056ded0a52-1024x683.jpg\" alt=\"\" data-id=\"42484\" data-full-url=\"https:\/\/sunny-step.com\/wp-content\/uploads\/2021\/04\/9428d382-9c8b-4af4-9f3d-1c056ded0a52.jpg\" data-link=\"https:\/\/sunny-step.com\/campers-for-rent\/9428d382-9c8b-4af4-9f3d-1c056ded0a52\/\" class=\"wp-image-42484\" srcset=\"https:\/\/sunny-step.com\/wp-content\/uploads\/2021\/04\/9428d382-9c8b-4af4-9f3d-1c056ded0a52-1024x683.jpg 1024w, https:\/\/sunny-step.com\/wp-content\/uploads\/2021\/04\/9428d382-9c8b-4af4-9f3d-1c056ded0a52-300x200.jpg 300w, https:\/\/sunny-step.com\/wp-content\/uploads\/2021\/04\/9428d382-9c8b-4af4-9f3d-1c056ded0a52-768x512.jpg 768w, https:\/\/sunny-step.com\/wp-content\/uploads\/2021\/04\/9428d382-9c8b-4af4-9f3d-1c056ded0a52-1536x1024.jpg 1536w, https:\/\/sunny-step.com\/wp-content\/uploads\/2021\/04\/9428d382-9c8b-4af4-9f3d-1c056ded0a52-240x160.jpg 240w, https:\/\/sunny-step.com\/wp-content\/uploads\/2021\/04\/9428d382-9c8b-4af4-9f3d-1c056ded0a52.jpg 1920w\" sizes=\"auto, (max-width: 1024px) 100vw, 1024px\" \/><\/a><\/figure><\/li><li class=\"blocks-gallery-item\"><figure><a href=\"https:\/\/sunny-step.com\/wp-content\/uploads\/2021\/04\/53170d5c-0904-4020-8a5b-5d83bafa0e80.jpg\"><img loading=\"lazy\" decoding=\"async\" width=\"1024\" height=\"683\" src=\"https:\/\/sunny-step.com\/wp-content\/uploads\/2021\/04\/53170d5c-0904-4020-8a5b-5d83bafa0e80-1024x683.jpg\" alt=\"\" data-id=\"42488\" data-full-url=\"https:\/\/sunny-step.com\/wp-content\/uploads\/2021\/04\/53170d5c-0904-4020-8a5b-5d83bafa0e80.jpg\" data-link=\"https:\/\/sunny-step.com\/campers-for-rent\/53170d5c-0904-4020-8a5b-5d83bafa0e80\/\" class=\"wp-image-42488\" srcset=\"https:\/\/sunny-step.com\/wp-content\/uploads\/2021\/04\/53170d5c-0904-4020-8a5b-5d83bafa0e80-1024x683.jpg 1024w, https:\/\/sunny-step.com\/wp-content\/uploads\/2021\/04\/53170d5c-0904-4020-8a5b-5d83bafa0e80-300x200.jpg 300w, https:\/\/sunny-step.com\/wp-content\/uploads\/2021\/04\/53170d5c-0904-4020-8a5b-5d83bafa0e80-768x512.jpg 768w, https:\/\/sunny-step.com\/wp-content\/uploads\/2021\/04\/53170d5c-0904-4020-8a5b-5d83bafa0e80-1536x1024.jpg 1536w, https:\/\/sunny-step.com\/wp-content\/uploads\/2021\/04\/53170d5c-0904-4020-8a5b-5d83bafa0e80-240x160.jpg 240w, https:\/\/sunny-step.com\/wp-content\/uploads\/2021\/04\/53170d5c-0904-4020-8a5b-5d83bafa0e80.jpg 1920w\" sizes=\"auto, (max-width: 1024px) 100vw, 1024px\" \/><\/a><\/figure><\/li><li class=\"blocks-gallery-item\"><figure><a href=\"https:\/\/sunny-step.com\/wp-content\/uploads\/2021\/04\/98367d88-aa25-4a0a-870f-c8104d400d16.jpg\"><img loading=\"lazy\" decoding=\"async\" width=\"1024\" height=\"678\" src=\"https:\/\/sunny-step.com\/wp-content\/uploads\/2021\/04\/98367d88-aa25-4a0a-870f-c8104d400d16-1024x678.jpg\" alt=\"\" data-id=\"42492\" data-full-url=\"https:\/\/sunny-step.com\/wp-content\/uploads\/2021\/04\/98367d88-aa25-4a0a-870f-c8104d400d16.jpg\" data-link=\"https:\/\/sunny-step.com\/campers-for-rent\/98367d88-aa25-4a0a-870f-c8104d400d16\/\" class=\"wp-image-42492\" srcset=\"https:\/\/sunny-step.com\/wp-content\/uploads\/2021\/04\/98367d88-aa25-4a0a-870f-c8104d400d16-1024x678.jpg 1024w, https:\/\/sunny-step.com\/wp-content\/uploads\/2021\/04\/98367d88-aa25-4a0a-870f-c8104d400d16-300x199.jpg 300w, https:\/\/sunny-step.com\/wp-content\/uploads\/2021\/04\/98367d88-aa25-4a0a-870f-c8104d400d16-768x508.jpg 768w, https:\/\/sunny-step.com\/wp-content\/uploads\/2021\/04\/98367d88-aa25-4a0a-870f-c8104d400d16-1536x1017.jpg 1536w, https:\/\/sunny-step.com\/wp-content\/uploads\/2021\/04\/98367d88-aa25-4a0a-870f-c8104d400d16-240x160.jpg 240w, https:\/\/sunny-step.com\/wp-content\/uploads\/2021\/04\/98367d88-aa25-4a0a-870f-c8104d400d16.jpg 1920w\" sizes=\"auto, (max-width: 1024px) 100vw, 1024px\" \/><\/a><\/figure><\/li><li class=\"blocks-gallery-item\"><figure><a href=\"https:\/\/sunny-step.com\/wp-content\/uploads\/2021\/04\/8621787e-d4ab-4782-9bcd-c6a5e005a9d2.jpg\"><img loading=\"lazy\" decoding=\"async\" width=\"1024\" height=\"682\" src=\"https:\/\/sunny-step.com\/wp-content\/uploads\/2021\/04\/8621787e-d4ab-4782-9bcd-c6a5e005a9d2-1024x682.jpg\" alt=\"\" data-id=\"42496\" data-full-url=\"https:\/\/sunny-step.com\/wp-content\/uploads\/2021\/04\/8621787e-d4ab-4782-9bcd-c6a5e005a9d2.jpg\" data-link=\"https:\/\/sunny-step.com\/campers-for-rent\/8621787e-d4ab-4782-9bcd-c6a5e005a9d2\/\" class=\"wp-image-42496\" srcset=\"https:\/\/sunny-step.com\/wp-content\/uploads\/2021\/04\/8621787e-d4ab-4782-9bcd-c6a5e005a9d2-1024x682.jpg 1024w, https:\/\/sunny-step.com\/wp-content\/uploads\/2021\/04\/8621787e-d4ab-4782-9bcd-c6a5e005a9d2-300x200.jpg 300w, https:\/\/sunny-step.com\/wp-content\/uploads\/2021\/04\/8621787e-d4ab-4782-9bcd-c6a5e005a9d2-768x512.jpg 768w, https:\/\/sunny-step.com\/wp-content\/uploads\/2021\/04\/8621787e-d4ab-4782-9bcd-c6a5e005a9d2-1536x1023.jpg 1536w, https:\/\/sunny-step.com\/wp-content\/uploads\/2021\/04\/8621787e-d4ab-4782-9bcd-c6a5e005a9d2-240x160.jpg 240w, https:\/\/sunny-step.com\/wp-content\/uploads\/2021\/04\/8621787e-d4ab-4782-9bcd-c6a5e005a9d2.jpg 1600w\" sizes=\"auto, (max-width: 1024px) 100vw, 1024px\" \/><\/a><\/figure><\/li><li class=\"blocks-gallery-item\"><figure><a href=\"https:\/\/sunny-step.com\/wp-content\/uploads\/2021\/04\/1559722590_2694.jpg\"><img loading=\"lazy\" decoding=\"async\" width=\"850\" height=\"570\" src=\"https:\/\/sunny-step.com\/wp-content\/uploads\/2021\/04\/1559722590_2694.jpg\" alt=\"\" data-id=\"42500\" data-full-url=\"https:\/\/sunny-step.com\/wp-content\/uploads\/2021\/04\/1559722590_2694.jpg\" data-link=\"https:\/\/sunny-step.com\/campers-for-rent\/1559722590_2694\/\" class=\"wp-image-42500\" srcset=\"https:\/\/sunny-step.com\/wp-content\/uploads\/2021\/04\/1559722590_2694.jpg 850w, https:\/\/sunny-step.com\/wp-content\/uploads\/2021\/04\/1559722590_2694-300x201.jpg 300w, https:\/\/sunny-step.com\/wp-content\/uploads\/2021\/04\/1559722590_2694-768x515.jpg 768w, https:\/\/sunny-step.com\/wp-content\/uploads\/2021\/04\/1559722590_2694-240x160.jpg 240w\" sizes=\"auto, (max-width: 850px) 100vw, 850px\" \/><\/a><\/figure><\/li><li class=\"blocks-gallery-item\"><figure><a href=\"https:\/\/sunny-step.com\/wp-content\/uploads\/2021\/04\/1559722592_2358.jpg\"><img loading=\"lazy\" decoding=\"async\" width=\"850\" height=\"570\" src=\"https:\/\/sunny-step.com\/wp-content\/uploads\/2021\/04\/1559722592_2358.jpg\" alt=\"\" data-id=\"42504\" data-full-url=\"https:\/\/sunny-step.com\/wp-content\/uploads\/2021\/04\/1559722592_2358.jpg\" data-link=\"https:\/\/sunny-step.com\/campers-for-rent\/1559722592_2358\/\" class=\"wp-image-42504\" srcset=\"https:\/\/sunny-step.com\/wp-content\/uploads\/2021\/04\/1559722592_2358.jpg 850w, https:\/\/sunny-step.com\/wp-content\/uploads\/2021\/04\/1559722592_2358-300x201.jpg 300w, https:\/\/sunny-step.com\/wp-content\/uploads\/2021\/04\/1559722592_2358-768x515.jpg 768w, https:\/\/sunny-step.com\/wp-content\/uploads\/2021\/04\/1559722592_2358-240x160.jpg 240w\" sizes=\"auto, (max-width: 850px) 100vw, 850px\" \/><\/a><\/figure><\/li><li class=\"blocks-gallery-item\"><figure><a href=\"https:\/\/sunny-step.com\/wp-content\/uploads\/2021\/04\/1559722597_5913.jpg\"><img loading=\"lazy\" decoding=\"async\" width=\"850\" height=\"570\" src=\"https:\/\/sunny-step.com\/wp-content\/uploads\/2021\/04\/1559722597_5913.jpg\" alt=\"\" data-id=\"42508\" data-full-url=\"https:\/\/sunny-step.com\/wp-content\/uploads\/2021\/04\/1559722597_5913.jpg\" data-link=\"https:\/\/sunny-step.com\/campers-for-rent\/1559722597_5913\/\" class=\"wp-image-42508\" srcset=\"https:\/\/sunny-step.com\/wp-content\/uploads\/2021\/04\/1559722597_5913.jpg 850w, https:\/\/sunny-step.com\/wp-content\/uploads\/2021\/04\/1559722597_5913-300x201.jpg 300w, https:\/\/sunny-step.com\/wp-content\/uploads\/2021\/04\/1559722597_5913-768x515.jpg 768w, https:\/\/sunny-step.com\/wp-content\/uploads\/2021\/04\/1559722597_5913-240x160.jpg 240w\" sizes=\"auto, (max-width: 850px) 100vw, 850px\" \/><\/a><\/figure><\/li><li class=\"blocks-gallery-item\"><figure><a href=\"https:\/\/sunny-step.com\/wp-content\/uploads\/2021\/04\/d277de49-900d-4a93-bedf-897993f78e46.jpg\"><img loading=\"lazy\" decoding=\"async\" width=\"1024\" height=\"683\" src=\"https:\/\/sunny-step.com\/wp-content\/uploads\/2021\/04\/d277de49-900d-4a93-bedf-897993f78e46-1024x683.jpg\" alt=\"\" data-id=\"42512\" data-full-url=\"https:\/\/sunny-step.com\/wp-content\/uploads\/2021\/04\/d277de49-900d-4a93-bedf-897993f78e46.jpg\" data-link=\"https:\/\/sunny-step.com\/campers-for-rent\/d277de49-900d-4a93-bedf-897993f78e46\/\" class=\"wp-image-42512\" srcset=\"https:\/\/sunny-step.com\/wp-content\/uploads\/2021\/04\/d277de49-900d-4a93-bedf-897993f78e46-1024x683.jpg 1024w, https:\/\/sunny-step.com\/wp-content\/uploads\/2021\/04\/d277de49-900d-4a93-bedf-897993f78e46-300x200.jpg 300w, https:\/\/sunny-step.com\/wp-content\/uploads\/2021\/04\/d277de49-900d-4a93-bedf-897993f78e46-768x512.jpg 768w, https:\/\/sunny-step.com\/wp-content\/uploads\/2021\/04\/d277de49-900d-4a93-bedf-897993f78e46-1536x1024.jpg 1536w, https:\/\/sunny-step.com\/wp-content\/uploads\/2021\/04\/d277de49-900d-4a93-bedf-897993f78e46-240x160.jpg 240w, https:\/\/sunny-step.com\/wp-content\/uploads\/2021\/04\/d277de49-900d-4a93-bedf-897993f78e46.jpg 1920w\" sizes=\"auto, (max-width: 1024px) 100vw, 1024px\" \/><\/a><\/figure><\/li><\/ul><\/figure>\n","protected":false},"excerpt":{"rendered":"<p>TOP USLUGE I KVALITETNI KAMPERI U HRVATSKOJ* personaliziran i kvalitetna kamper charter usluga* 24\/7 podr\u0161ka klijentima* kvalitetni i odli\u010dno opremljeni kamperi po pristupa\u010dnim cijenama KAMPERI ZA NAJAM: RENT A KAMPER &#8211; AHORN CANADARENT A KAMPER &#8211; FIAT RIMOR SEAL 5RENT A KAMPER &#8211; RIMOR KATAMARANO 9RENT A KAMPER &#8211; ADRIATIC MAX 128RENT A KAMPER &#8211; &#8230;<\/p>\n","protected":false},"author":1,"featured_media":42501,"parent":0,"menu_order":0,"comment_status":"closed","ping_status":"closed","template":"","meta":{"footnotes":""},"class_list":["post-42527","page","type-page","status-publish","has-post-thumbnail","hentry"],"_links":{"self":[{"href":"https:\/\/sunny-step.com\/hr\/wp-json\/wp\/v2\/pages\/42527","targetHints":{"allow":["GET"]}}],"collection":[{"href":"https:\/\/sunny-step.com\/hr\/wp-json\/wp\/v2\/pages"}],"about":[{"href":"https:\/\/sunny-step.com\/hr\/wp-json\/wp\/v2\/types\/page"}],"author":[{"embeddable":true,"href":"https:\/\/sunny-step.com\/hr\/wp-json\/wp\/v2\/users\/1"}],"replies":[{"embeddable":true,"href":"https:\/\/sunny-step.com\/hr\/wp-json\/wp\/v2\/comments?post=42527"}],"version-history":[{"count":0,"href":"https:\/\/sunny-step.com\/hr\/wp-json\/wp\/v2\/pages\/42527\/revisions"}],"wp:featuredmedia":[{"embeddable":true,"href":"https:\/\/sunny-step.com\/hr\/wp-json\/wp\/v2\/media\/42501"}],"wp:attachment":[{"href":"https:\/\/sunny-step.com\/hr\/wp-json\/wp\/v2\/media?parent=42527"}],"curies":[{"name":"wp","href":"https:\/\/api.w.org\/{rel}","templated":true}]}}